{"id":1465,"date":"2023-07-20T14:07:00","date_gmt":"2023-07-20T11:07:00","guid":{"rendered":"https:\/\/pcfix.lt\/?page_id=1465"},"modified":"2023-07-20T14:59:28","modified_gmt":"2023-07-20T11:59:28","slug":"kontaktai-2","status":"publish","type":"page","link":"https:\/\/pcfix.lt\/ru\/kontaktai-2\/","title":{"rendered":"\u041a\u043e\u043d\u0442\u0430\u043a\u0442\u044b"},"content":{"rendered":"\n<p>Prie\u0161 atve\u017eant \u012frengin\u012f remontui, labai rekomenduojame u\u017esiregistruoti atvykimui. Registruotis galima paspaudus<a href=\"https:\/\/pcfix.lt\/laiko-rezervavimas\/\"><mark>&nbsp;\u0161i\u0105 nuorod\u0105<\/mark><\/a>&nbsp;arba telefonu +370 (612) 31015<\/p>\n\n\n\n<p><strong>Kaip mus rasti<\/strong><\/p>\n\n\n\n<p>Verki\u0173 ir Kareivi\u0173 gatvi\u0173 sankry\u017ea. Prie\u0161ais Med\u017eio centr\u0105, baltas 3-j\u0173 auk\u0161t\u0173 pastatas u\u017e tvoros. Antras \u012f\u0117jimas (vidurinis), pirmas auk\u0161tas.<\/p>\n\n\n\n<p>Su automobiliu \u012fva\u017eiavimas i\u0161 Lak\u016bn\u0173 gatv\u0117s pro vartus.&nbsp;<\/p>\n\n\n\n<div data-aos= \"zoom-in\" data-aos-duration=\"400\" data-aos-delay=\"0\" data-aos-easing=\"ease\" data-aos-once=\"true\" class=\"wp-block-uagb-image alignleft uagb-block-5c8234c9 wp-block-uagb-image--layout-default wp-block-uagb-image--effect-static wp-block-uagb-image--align-left\"><figure class=\"wp-block-uagb-image__figure\"><img decoding=\"async\" srcset=\"https:\/\/pcfix.lt\/wp-content\/uploads\/2022\/03\/IMG_20220311_142138.jpg \" sizes=\"auto, (max-width: 480px) 150px\" src=\"https:\/\/pcfix.lt\/wp-content\/uploads\/2022\/03\/IMG_20220311_142138.jpg\" alt=\"\" class=\"uag-image-896\" width=\"693\" height=\"357\" title=\"\" loading=\"lazy\"\/><\/figure><\/div>\n\n\n\n<div style=\"height:26px\" aria-hidden=\"true\" class=\"wp-block-spacer\"><\/div>\n\n\n<style><\/style><address class=\"bp-contact-card\">\r\n                    \t\t<div class=\"bp-name\">\r\n\t\t\tKOMPIUTERI\u0172 TAISYKLA PCFIX\t\t<\/div>\r\n\t\t\r\n\t\t\r\n\t\t\t\t\t\t\t\t\r\n\t\t\r\n\t\t\r\n\t\t\t\t<div class=\"bp-address\">\r\n\t\t\tVilnius, Verki\u0173 g. 35\t\t<\/div>\r\n\t\t\r\n\t\t\t\t<div class=\"bp-directions\">\r\n\t\t\t<a href=\"\/\/maps.google.com\/maps?saddr=current+location&#038;daddr=Vilnius%2C+Verki%C5%B3+g.+35\" target=\"_blank\">Get Directions<\/a>\r\n\t\t<\/div>\r\n\t\t\r\n\t\t<div class=\"bp-phone\">\r\n\t\t\t<a href=\"tel:+370 (612) 31015\">+370 (612) 31015<\/a>\r\n\t\t<\/div>\r\n\r\n\t\t\r\n\t\t\t\t<div class=\"bp-contact bp-contact-email\">\r\n\t\t\t\t\t<a href=\"mailto:&#105;&#110;fo&#064;&#112;cf&#105;x&#046;l&#116;\">&#105;&#110;fo&#064;&#112;cf&#105;x&#046;l&#116;<\/a>\r\n\t\t\t\t<\/div>\r\n\r\n\t\t\t\r\n\t\t\t\r\n\t\t\r\n<div class=\"bp-opening-hours\">\r\n\t<span class=\"bp-title\">Opening Hours<\/span>\r\n\t\t<div class=\"bp-weekday\">\r\n\t\t<span class=\"bp-weekday-name bp-weekday-monday\">Monday<\/span>\r\n\t\t<span class=\"bp-times\">\r\n\t\t\t\t\t<span class=\"bp-time\">10:00&thinsp;&ndash;&thinsp;16:00<\/span>\r\n\t\t\t\t<\/span>\r\n\t<\/div>\r\n\t\t<div class=\"bp-weekday\">\r\n\t\t<span class=\"bp-weekday-name bp-weekday-tuesday\">Tuesday<\/span>\r\n\t\t<span class=\"bp-times\">\r\n\t\t\t\t\t<span class=\"bp-time\">10:00&thinsp;&ndash;&thinsp;16:00<\/span>\r\n\t\t\t\t<\/span>\r\n\t<\/div>\r\n\t\t<div class=\"bp-weekday\">\r\n\t\t<span class=\"bp-weekday-name bp-weekday-wednesday\">Wednesday<\/span>\r\n\t\t<span class=\"bp-times\">\r\n\t\t\t\t\t<span class=\"bp-time\">10:00&thinsp;&ndash;&thinsp;16:00<\/span>\r\n\t\t\t\t<\/span>\r\n\t<\/div>\r\n\t\t<div class=\"bp-weekday\">\r\n\t\t<span class=\"bp-weekday-name bp-weekday-thursday\">Thursday<\/span>\r\n\t\t<span class=\"bp-times\">\r\n\t\t\t\t\t<span class=\"bp-time\">10:00&thinsp;&ndash;&thinsp;16:00<\/span>\r\n\t\t\t\t<\/span>\r\n\t<\/div>\r\n\t\t<div class=\"bp-weekday\">\r\n\t\t<span class=\"bp-weekday-name bp-weekday-friday\">Friday<\/span>\r\n\t\t<span class=\"bp-times\">\r\n\t\t\t\t\t<span class=\"bp-time\">10:00&thinsp;&ndash;&thinsp;15:00<\/span>\r\n\t\t\t\t<\/span>\r\n\t<\/div>\r\n\t\t<div class=\"bp-weekday\">\r\n\t\t<span class=\"bp-weekday-name bp-weekday-saturday\">Saturday<\/span>\r\n\t\t<span class=\"bp-times\">\r\n\t\t\t\t\t<span class=\"bp-time\">Closed<\/span>\r\n\t\t\t\t<\/span>\r\n\t<\/div>\r\n\t\t<div class=\"bp-weekday\">\r\n\t\t<span class=\"bp-weekday-name bp-weekday-sunday\">Sunday<\/span>\r\n\t\t<span class=\"bp-times\">\r\n\t\t\t\t\t<span class=\"bp-time\">Closed<\/span>\r\n\t\t\t\t<\/span>\r\n\t<\/div>\r\n\t<\/div>\r\n\r\n\t\t<div id=\"bp-map-0\" class=\"bp-map\" data-name=\"KOMPIUTERI\u0172 TAISYKLA PCFIX\" data-address=\"Vilnius, Verki\u0173 g. 35\"  data-phone=\"+370 (612) 31015\" data-lat=\"54.7162899\" data-lon=\"25.2957369\"><\/div>\r\n\r\n\t\t    <script type=\"application\/ld+json\">\r\n        {\"@type\": \"LocalBusiness\",\"image\": \"https:\/\/pcfix.lt\/wp-content\/uploads\/2022\/03\/IMG_20220311_142138.jpg\",\"name\": \"KOMPIUTERI\u0172 TAISYKLA PCFIX\",\"description\": \"Skubus kompiuteri\u0173 remontas\",\"url\": \"https:\/\/pcfix.lt\/ru\/\",\"address\" : {\"@type\": \"PostalAddress\",\"name\": \"Vilnius, Verki\u0173 g. 35\"},\"contactPoint\": [{\"@type\": \"ContactPoint\",\"contactType\": \"Telephone\",\"telephone\": \"+370 (612) 31015\"}],\"hasMenu\": \"\",\"email\": \"&#105;&#110;fo&#64;&#112;cf&#105;x&#46;l&#116;\",\"openingHours\": [\"Mo,Tu,We,Th 10:00-16:00\",\"Fr 10:00-15:00\"],\"@context\": \"https:\/\/schema.org\/\"}    <\/script>\r\n<\/address>\n\n\n<p><strong>Rekvizitai:<\/strong>&nbsp;<\/p>\n\n\n\n<p>UAB \u201eKaledonia\u201c<\/p>\n\n\n\n<p>\u012emon\u0117s kodas: 301554621<\/p>\n\n\n\n<p>PVM kodas: LT100004023610<\/p>\n\n\n\n<p>LT84 7300 0101 0626 1753<\/p>\n\n\n\n<p>AB bankas \u201cSwedbank<\/p>\n","protected":false},"excerpt":{"rendered":"<p>Prie\u0161 atve\u017eant \u012frengin\u012f remontui, labai rekomenduojame u\u017esiregistruoti atvykimui. Registruotis galima paspaudus&nbsp;\u0161i\u0105 nuorod\u0105&nbsp;arba telefonu +370 (612) 31015 Kaip mus rasti Verki\u0173 ir Kareivi\u0173 gatvi\u0173 sankry\u017ea. Prie\u0161ais Med\u017eio centr\u0105, baltas 3-j\u0173 auk\u0161t\u0173 pastatas u\u017e tvoros. Antras \u012f\u0117jimas (vidurinis), pirmas auk\u0161tas. Su automobiliu \u012fva\u017eiavimas i\u0161 Lak\u016bn\u0173 gatv\u0117s pro vartus.&nbsp; Rekvizitai:&nbsp; UAB \u201eKaledonia\u201c \u012emon\u0117s kodas: 301554621 PVM kodas: LT100004023610 [&hellip;]<\/p>\n","protected":false},"author":1,"featured_media":0,"parent":0,"menu_order":0,"comment_status":"closed","ping_status":"closed","template":"","meta":{"_gspb_post_css":"","inline_featured_image":false,"_uag_custom_page_level_css":"","footnotes":""},"class_list":["post-1465","page","type-page","status-publish","hentry"],"aioseo_notices":[],"uagb_featured_image_src":{"full":false,"thumbnail":false,"medium":false,"medium_large":false,"large":false,"1536x1536":false,"2048x2048":false,"trp-custom-language-flag":false,"vogue_blog_img_side":false,"vogue_blog_img_top":false},"uagb_author_info":{"display_name":"los","author_link":"https:\/\/pcfix.lt\/ru\/author\/los\/"},"uagb_comment_info":0,"uagb_excerpt":"Prie\u0161 atve\u017eant \u012frengin\u012f remontui, labai rekomenduojame u\u017esiregistruoti atvykimui. Registruotis galima paspaudus&nbsp;\u0161i\u0105 nuorod\u0105&nbsp;arba telefonu +370 (612) 31015 Kaip mus rasti Verki\u0173 ir Kareivi\u0173 gatvi\u0173 sankry\u017ea. Prie\u0161ais Med\u017eio centr\u0105, baltas 3-j\u0173 auk\u0161t\u0173 pastatas u\u017e tvoros. Antras \u012f\u0117jimas (vidurinis), pirmas auk\u0161tas. Su automobiliu \u012fva\u017eiavimas i\u0161 Lak\u016bn\u0173 gatv\u0117s pro vartus.&nbsp; Rekvizitai:&nbsp; UAB \u201eKaledonia\u201c \u012emon\u0117s kodas: 301554621 PVM kodas: LT100004023610&hellip;","_links":{"self":[{"href":"https:\/\/pcfix.lt\/ru\/wp-json\/wp\/v2\/pages\/1465","targetHints":{"allow":["GET"]}}],"collection":[{"href":"https:\/\/pcfix.lt\/ru\/wp-json\/wp\/v2\/pages"}],"about":[{"href":"https:\/\/pcfix.lt\/ru\/wp-json\/wp\/v2\/types\/page"}],"author":[{"embeddable":true,"href":"https:\/\/pcfix.lt\/ru\/wp-json\/wp\/v2\/users\/1"}],"replies":[{"embeddable":true,"href":"https:\/\/pcfix.lt\/ru\/wp-json\/wp\/v2\/comments?post=1465"}],"version-history":[{"count":6,"href":"https:\/\/pcfix.lt\/ru\/wp-json\/wp\/v2\/pages\/1465\/revisions"}],"predecessor-version":[{"id":1510,"href":"https:\/\/pcfix.lt\/ru\/wp-json\/wp\/v2\/pages\/1465\/revisions\/1510"}],"wp:attachment":[{"href":"https:\/\/pcfix.lt\/ru\/wp-json\/wp\/v2\/media?parent=1465"}],"curies":[{"name":"wp","href":"https:\/\/api.w.org\/{rel}","templated":true}]}}