{"id":1290,"date":"2023-07-19T22:41:00","date_gmt":"2023-07-19T19:41:00","guid":{"rendered":"https:\/\/pcfix.lt\/?page_id=1290"},"modified":"2025-05-22T14:29:22","modified_gmt":"2025-05-22T11:29:22","slug":"fan","status":"publish","type":"page","link":"https:\/\/pcfix.lt\/ru\/fan\/","title":{"rendered":"Kompiuterio au\u0161inimo tvarkymas ir dulki\u0173 valymas Vilniuje"},"content":{"rendered":"<p><\/p>\n\n\n\n<p>\u0417\u0430\u0431\u0438\u0442\u0430\u044f \u0441\u0438\u0441\u0442\u0435\u043c\u0430 \u0432\u0435\u043d\u0442\u0438\u043b\u044f\u0446\u0438\u0438 \u043a\u043e\u043c\u043f\u044c\u044e\u0442\u0435\u0440\u0430 - \u043e\u0434\u043d\u0430 \u0438\u0437 \u043e\u0441\u043d\u043e\u0432\u043d\u044b\u0445 \u043f\u0440\u0438\u0447\u0438\u043d \u0440\u0430\u0437\u043b\u0438\u0447\u043d\u044b\u0445 \u043f\u043e\u043b\u043e\u043c\u043e\u043a. \u0412\u0435\u043d\u0442\u0438\u043b\u044f\u0442\u043e\u0440 \u0438 \u0440\u0430\u0434\u0438\u0430\u0442\u043e\u0440 \u0441\u043e\u0431\u0438\u0440\u0430\u0435\u0442 \u043f\u044b\u043b\u044c, \u0430 \u0442\u0435\u0440\u043c\u043e\u043f\u0430\u0441\u0442\u0430, \u0438\u0441\u043f\u043e\u043b\u044c\u0437\u0443\u0435\u043c\u0430\u044f \u0434\u043b\u044f \u0443\u043b\u0443\u0447\u0448\u0435\u043d\u0438\u044f \u043a\u043e\u043d\u0442\u0430\u043a\u0442\u0430 \u043c\u0435\u0436\u0434\u0443 \u0440\u0430\u0434\u0438\u0430\u0442\u043e\u0440\u043e\u043c \u0438 \u0447\u0438\u043f\u043e\u043c, \u0441\u043e \u0432\u0440\u0435\u043c\u0435\u043d\u0435\u043c \u0432\u044b\u0441\u044b\u0445\u0430\u0435\u0442 \u0438 \u0437\u0430\u0442\u0432\u0435\u0440\u0434\u0435\u0432\u0430\u0435\u0442. \u041f\u043e\u044d\u0442\u043e\u043c\u0443 \u043e\u0447\u0435\u043d\u044c \u0432\u0430\u0436\u043d\u043e \u043f\u0440\u0438\u0441\u043c\u0430\u0442\u0440\u0438\u0432\u0430\u0442\u044c \u0437\u0430 \u0441\u0438\u0441\u0442\u0435\u043c\u043e\u0439 \u0432\u0435\u043d\u0442\u0438\u043b\u044f\u0446\u0438\u0438 \u0438 \u0432\u043e\u0432\u0440\u0435\u043c\u044f \u043c\u0435\u043d\u044f\u0442\u044c \u0442\u0435\u0440\u043c\u043e\u043f\u0430\u0441\u0442\u0443.<\/p>\n\n\n\n<p>\u0421\u0438\u043c\u043f\u0442\u043e\u043c\u044b \u0437\u0430\u0441\u043e\u0440\u0438\u0432\u0448\u0435\u0439\u0441\u044f \u0441\u0438\u0441\u0442\u0435\u043c\u044b \u0432\u0435\u043d\u0442\u0438\u043b\u044f\u0446\u0438\u0438:<\/p>\n\n\n\n<ul class=\"wp-block-list\">\n<li>\u041a\u043e\u043c\u043f\u044c\u044e\u0442\u0435\u0440 \u043d\u0430\u0447\u0430\u043b \u043c\u0435\u0434\u043b\u0435\u043d\u043d\u0435\u0435 \u0440\u0430\u0431\u043e\u0442\u0430\u0442\u044c.<\/li>\n\n\n\n<li>\u0421\u0438\u043b\u044c\u043d\u043e \u0433\u0443\u0434\u0438\u0442 \u0432\u0435\u043d\u0442\u0438\u043b\u044f\u0442\u043e\u0440.<\/li>\n\n\n\n<li>\u041f\u043e\u044f\u0432\u043b\u044f\u044e\u0442\u0441\u044f \u0440\u0430\u0437\u043b\u0438\u0447\u043d\u044b\u0435 \u043f\u0440\u043e\u0433\u0440\u0430\u043c\u043c\u043d\u044b\u0435 \u043e\u0448\u0438\u0431\u043a\u0438, \u0441\u0431\u043e\u0438.<\/li>\n\n\n\n<li>\u041a\u043e\u043c\u043f\u044c\u044e\u0442\u0435\u0440 \u0441\u0438\u043b\u044c\u043d\u043e \u0440\u0430\u0433\u0440\u0435\u0432\u0430\u0435\u0442\u0441\u044f.<\/li>\n\n\n\n<li>\u041a\u043e\u043c\u043f\u044c\u044e\u0442\u0435\u0440 \u0432\u044b\u043a\u043b\u044e\u0447\u0430\u0435\u0442\u0441\u044f, \u043f\u0435\u0440\u0435\u0433\u0440\u0443\u0436\u0430\u0435\u0442\u0441\u044f, \u043d\u0435 \u0445\u043e\u0447\u0435\u0442 \u0432\u043a\u043b\u044e\u0447\u0430\u0442\u044c\u0441\u044f.<\/li>\n\n\n\n<li>\u041d\u0430 \u044d\u043a\u0440\u0430\u043d\u0435 \u043f\u043e\u044f\u0432\u043b\u044f\u044e\u0442\u0441\u044f \u0440\u0430\u0437\u043b\u0438\u0447\u043d\u044b\u0435 \u0430\u0440\u0442\u0435\u0444\u0430\u043a\u0442\u044b.<\/li>\n\n\n\n<li>\u0412 \u0445\u0443\u0434\u0448\u0435\u043c \u0441\u043b\u0443\u0447\u0430\u0435 \u043c\u043e\u0436\u0435\u0442 \u043d\u0435\u043f\u043e\u043f\u0440\u0430\u0432\u0438\u043c\u043e \"\u043f\u0435\u0440\u0435\u0433\u043e\u0440\u0435\u0442\u044c\" \u0447\u0438\u043f CPU \u0438\u043b\u0438 GPU, \u0430 \u043d\u0435 \u043f\u0440\u0438\u0441\u043c\u043e\u0442\u0440\u0435\u043d\u043d\u044b\u0439 \u0432\u0435\u043d\u0442\u0438\u043b\u044f\u0442\u043e\u0440 \u0447\u0430\u0441\u0442\u043e \u043d\u0443\u0436\u043d\u043e \u043c\u0435\u043d\u044f\u0442\u044c \u043d\u0430 \u043d\u043e\u0432\u044b\u0439.<\/li>\n<\/ul>\n\n\n\n<p>\u041a\u043e\u043d\u0435\u0447\u043d\u043e, \u043b\u0443\u0447\u0448\u0435 \u0432\u043e\u043e\u0431\u0449\u0435 \u043d\u0435 \u0436\u0434\u0430\u0442\u044c \u043f\u043e\u044f\u0432\u043b\u0435\u043d\u0438\u044f \u0434\u0430\u043d\u043d\u044b\u0445 \u0441\u0438\u043c\u043f\u0442\u043e\u043c\u043e\u0432 \u0438 \u0432\u044b\u043f\u043e\u043b\u043d\u0438\u0442\u044c \u043f\u0440\u043e\u0444\u0438\u043b\u0430\u043a\u0442\u0438\u043a\u0443 \u0441\u0438\u0441\u0442\u0435\u043c\u044b \u0432\u0435\u043d\u0442\u0438\u043b\u044f\u0446\u0438\u0438 \u0437\u0430\u0440\u0430\u043d\u0435\u0435. \u0427\u0430\u0441\u0442\u043e\u0442\u0430 \u043f\u0440\u043e\u0444\u0438\u043b\u0430\u043a\u0442\u0438\u043a\u0438 \u0432\u0435\u043d\u0442\u0438\u043b\u044f\u0446\u0438\u0438 \u0437\u0430\u0432\u0438\u0441\u0438\u0442 \u043e\u0442 \u0443\u0441\u043b\u043e\u0432\u0438\u0439 \u0438\u0441\u043f\u043e\u043b\u044c\u0437\u043e\u0432\u0430\u043d\u0438\u044f \u043d\u043e\u0443\u0442\u0431\u0443\u043a\u0430. \u0414\u0435\u043b\u0430\u0442\u044c \u043f\u0440\u043e\u0444\u0438\u043b\u0430\u043a\u0442\u0438\u043a\u0443 \u0440\u0435\u043a\u043e\u043c\u0435\u043d\u0434\u0443\u0435\u0442\u0441\u044f \u0440\u0430\u0437 \u0432 \u0433\u043e\u0434 \u043f\u0435\u0440\u0435\u0434 \u043d\u0430\u0447\u0430\u043b\u043e\u043c \u043b\u0435\u0442\u0430.<\/p>\n\n\n\n<p>\u041c\u044b \u043f\u0440\u043e\u0444\u0435\u0441\u0441\u0438\u043e\u043d\u0430\u043b\u044c\u043d\u043e \u0437\u0430 1-2 \u0447\u0430\u0441\u0430 \u043f\u043e\u0447\u0438\u0441\u0442\u0438\u043c \u0432\u0435\u043d\u0442\u0438\u043b\u044f\u0442\u043e\u0440 \u0438 \u0440\u0430\u0434\u0438\u0430\u0442\u043e\u0440 \u0432\u0430\u0448\u0435\u0433\u043e \u043d\u043e\u0443\u0442\u0431\u0443\u043a\u0430, \u0437\u0430\u043c\u0435\u043d\u0438\u043c \u0442\u0435\u0440\u043c\u043e\u043f\u0430\u0441\u0442\u0443 \u0438 \u043f\u0440\u043e\u0442\u0435\u0441\u0442\u0438\u0440\u0443\u0435\u043c \u0440\u0430\u0431\u043e\u0442\u0443 \u043f\u0440\u043e\u0446\u0435\u0441\u0441\u043e\u0440\u0430 \u0441 \u043f\u043e\u043b\u043d\u043e\u0439 \u043d\u0430\u0433\u0440\u0443\u0437\u043a\u043e\u0439.<\/p>\n\n\n\n<div id=\"gspb_image-id-gsbp-fdabf388-fd07\" class=\"gspb_image gspb_image-id-gsbp-fdabf388-fd07 wp-block-greenshift-blocks-image\"><img loading=\"lazy\" decoding=\"async\" src=\"https:\/\/pcfix.lt\/wp-content\/uploads\/2023\/07\/fan.png\" data-src=\"\" alt=\"\" width=\"600\" height=\"193\" data-aos=\"zoom-in\" data-aos-easing=\"linear\" data-aos-duration=\"700\"\/><\/div>","protected":false},"excerpt":{"rendered":"<p>U\u017esikim\u0161\u0119s kompiuterio au\u0161inimas \u2013 viena i\u0161 pagrindini\u0173 \u012fvairi\u0173 gedim\u0173 prie\u017eas\u010di\u0173. Au\u0161intuvas ir radiatorius prirenka dulki\u0173, o termo pasta, naudojama geresniam kontaktui tarp \u010dip\u0173 ir radiatoriaus, su laiku sud\u017ei\u016bsta ir sukiet\u0117ja. D\u0117l to labai svarbu pri\u017ei\u016br\u0117ti kompiuterio au\u0161inimo sistem\u0105 ir keisti termo past\u0105. Netvarkingos kompiuterio au\u0161inimo sistemos po\u017eymiai: \u017dinoma, geriausiai i\u0161vis nelaukti \u0161i\u0173 po\u017eymi\u0173 atsiradimo ir [&hellip;]<\/p>\n","protected":false},"author":1,"featured_media":0,"parent":0,"menu_order":0,"comment_status":"closed","ping_status":"closed","template":"","meta":{"_gspb_post_css":"#gspb_image-id-gsbp-fdabf388-fd07{text-align:center}#gspb_image-id-gsbp-fdabf388-fd07 img{vertical-align:middle;display:inline-block;box-sizing:border-box;max-width:100%;height:auto;box-shadow:0 5px 20px 0 rgba(0,0,0,.03);transition-duration:.7s;transition-timing-function:linear;opacity:var(--gs-root-animation-opacity, 0);transition-property:opacity,transform;transform:var(--gs-root-animation-transform, scale(0.6))}#gspb_image-id-gsbp-fdabf388-fd07 img.aos-animate,#gspb_image-id-gsbp-fdabf388-fd07 img[data-gs-aos]{opacity:1;transform:translateZ(0) scale(1)}","inline_featured_image":false,"_uag_custom_page_level_css":"","footnotes":""},"class_list":["post-1290","page","type-page","status-publish","hentry"],"aioseo_notices":[],"uagb_featured_image_src":{"full":false,"thumbnail":false,"medium":false,"medium_large":false,"large":false,"1536x1536":false,"2048x2048":false,"trp-custom-language-flag":false,"vogue_blog_img_side":false,"vogue_blog_img_top":false},"uagb_author_info":{"display_name":"los","author_link":"https:\/\/pcfix.lt\/ru\/author\/los\/"},"uagb_comment_info":0,"uagb_excerpt":"U\u017esikim\u0161\u0119s kompiuterio au\u0161inimas \u2013 viena i\u0161 pagrindini\u0173 \u012fvairi\u0173 gedim\u0173 prie\u017eas\u010di\u0173. Au\u0161intuvas ir radiatorius prirenka dulki\u0173, o termo pasta, naudojama geresniam kontaktui tarp \u010dip\u0173 ir radiatoriaus, su laiku sud\u017ei\u016bsta ir sukiet\u0117ja. D\u0117l to labai svarbu pri\u017ei\u016br\u0117ti kompiuterio au\u0161inimo sistem\u0105 ir keisti termo past\u0105. Netvarkingos kompiuterio au\u0161inimo sistemos po\u017eymiai: \u017dinoma, geriausiai i\u0161vis nelaukti \u0161i\u0173 po\u017eymi\u0173 atsiradimo ir&hellip;","_links":{"self":[{"href":"https:\/\/pcfix.lt\/ru\/wp-json\/wp\/v2\/pages\/1290","targetHints":{"allow":["GET"]}}],"collection":[{"href":"https:\/\/pcfix.lt\/ru\/wp-json\/wp\/v2\/pages"}],"about":[{"href":"https:\/\/pcfix.lt\/ru\/wp-json\/wp\/v2\/types\/page"}],"author":[{"embeddable":true,"href":"https:\/\/pcfix.lt\/ru\/wp-json\/wp\/v2\/users\/1"}],"replies":[{"embeddable":true,"href":"https:\/\/pcfix.lt\/ru\/wp-json\/wp\/v2\/comments?post=1290"}],"version-history":[{"count":18,"href":"https:\/\/pcfix.lt\/ru\/wp-json\/wp\/v2\/pages\/1290\/revisions"}],"predecessor-version":[{"id":1643,"href":"https:\/\/pcfix.lt\/ru\/wp-json\/wp\/v2\/pages\/1290\/revisions\/1643"}],"wp:attachment":[{"href":"https:\/\/pcfix.lt\/ru\/wp-json\/wp\/v2\/media?parent=1290"}],"curies":[{"name":"wp","href":"https:\/\/api.w.org\/{rel}","templated":true}]}}