{"id":1238,"date":"2023-07-19T19:02:51","date_gmt":"2023-07-19T16:02:51","guid":{"rendered":"https:\/\/pcfix.lt\/?page_id=1238"},"modified":"2025-11-18T15:31:26","modified_gmt":"2025-11-18T13:31:26","slug":"nesiojamu-kompiuteriu-ikrovikliai-ir-baterijos","status":"publish","type":"page","link":"https:\/\/pcfix.lt\/ru\/nesiojamu-kompiuteriu-ikrovikliai-ir-baterijos\/","title":{"rendered":"Ne\u0161iojam\u0173 kompiuteri\u0173 \u012ekrovikliai ir baterijos"},"content":{"rendered":"<div style=\"height:0px\" aria-hidden=\"true\" class=\"wp-block-spacer\"><\/div>\n\n\n\n<div class=\"wp-block-greenshift-blocks-image gspb_image gspb_image-id-gsbp-9f9841ab-0a80\" id=\"gspb_image-id-gsbp-9f9841ab-0a80\"><img decoding=\"async\" src=\"https:\/\/pcfix.lt\/wp-content\/uploads\/2023\/07\/kriv_3.png\" data-src=\"\" alt=\"\" loading=\"lazy\" width=\"600\" height=\"239\" data-aos=\"zoom-in\" data-aos-easing=\"linear\" data-aos-duration=\"700\"\/><\/div>\n\n\n\n<div style=\"height:36px\" aria-hidden=\"true\" class=\"wp-block-spacer\"><\/div>\n\n\n\n<div class=\"custom-css-block\"><style>#aab_accordion_7f2262df {  }<\/style><\/div><div class=\"wp-block-aab-accordion-block aab__accordion_container  accessibilityOn\" style=\"margin-top:0px;margin-bottom:15px;border:1px solid #bcb6b638\" id=\"aab_accordion_7f2262df\" role=\"button\" aria-expanded=\"false\" tabindex=\"0\"><div class=\"aab__accordion_head aab_right_icon\" style=\"background-color:#f8f8f8;border-top:none;border-right:none;border-bottom:none;border-left:none\"><div class=\"aab__accordion_heading aab_right_icon aab_right_link\"><div class=\"head_content_wrapper\"><div class=\"title_wrapper\"><h5 class=\"aab__accordion_title\" style=\"margin:0;color:#6e94f4\">\u0418\u0449\u0438\u0442\u0435 \u043d\u043e\u0432\u0443\u044e \u0437\u0430\u0440\u044f\u0434\u043a\u0443 \u0434\u043b\u044f \u043d\u043e\u0443\u0442\u0431\u0443\u043a\u0430, \u0442\u0435\u043b\u0435\u0444\u043e\u043d\u0430 \u0438\u043b\u0438 \u043f\u043b\u0430\u043d\u0448\u0435\u0442\u043a\u0438?<\/h5><\/div><\/div><\/div><div class=\"aab__accordion_icon\" style=\"border:0px solid transparent\"><span class=\"aab__icon dashicons dashicons-arrow-down-alt2\" style=\"font-size:23px\"><\/span><\/div><\/div><div class=\"aab__accordion_body\" role=\"region\" style=\"display:none;border-top:1px solid #bcb6b638;border-right:none;border-bottom:none;border-left:none\"><div class=\"aab__accordion_component\">\n<p>\u041d\u0435 \u043f\u0440\u043e\u0431\u043b\u0435\u043c\u0430!<\/p>\n\n\n\n<p>Pas mus galite \u012fsigyti vis\u0173 populiariausi\u0173 ne\u0161iojam\u0173 kompiuteri\u0173 gamintoj\u0173 (Asus, Acer, HP, DELL, Lenovo, Samsung ir kt.) kokybi\u0161kus \u012fkroviklius. Populiariausi\u0173 \u012fkrovikli\u0173 (iki 90W galios) kaina 23-25 Eur.<\/p>\n\n\n\n<p>\u0417\u0430\u0440\u044f\u0434\u043a\u0438 \u043d\u0435 \u043e\u0440\u0438\u0433\u0438\u043d\u0430\u043b\u044c\u043d\u044b\u0435, \u043d\u043e \u043a\u0430\u0447\u0435\u0441\u0442\u0432\u0435\u043d\u043d\u044b\u0439 \u0438 \u0441 \u0433\u0430\u0440\u0430\u043d\u0442\u0438\u0435\u0439.<\/p>\n\n\n\n<p>\u041d\u0443\u0436\u043d\u043e\u0439 \u0437\u0430\u0440\u044f\u0434\u043a\u0438 \u043d\u0435\u0442 \u0432 \u043d\u0430\u043b\u0438\u0447\u0438\u0438? \u0418\u0449\u0438\u0442\u0435 \u0431\u043e\u043b\u0435\u0435 \u0440\u0435\u0434\u043a\u0443\u044e, \u0431\u043e\u043b\u0435\u0435 \u043c\u043e\u0449\u043d\u0443\u044e \u0438\u043b\u0438 \u043e\u0440\u0438\u0433\u0438\u043d\u0430\u043b\u044c\u043d\u0443\u044e \u0437\u0430\u0440\u044f\u0434\u043a\u0443? \u041d\u0435 \u043f\u0440\u043e\u0431\u043b\u0435\u043c\u0430. \u0411\u043e\u043b\u044c\u0448\u0443\u044e \u0447\u0430\u0441\u0442\u044c \u0437\u0430\u0440\u044f\u0434\u043e\u043a \u043f\u043e \u0432\u0430\u0448\u0435\u043c\u0443 \u0442\u0440\u0435\u0431\u043e\u0432\u0430\u043d\u0438\u044e \u043c\u044b \u0441\u043c\u043e\u0436\u0435\u043c \u043f\u0440\u0435\u0434\u043e\u0441\u0442\u0430\u0432\u0438\u0442\u044c \u0443\u0436\u0435 \u043d\u0430 \u0441\u043b\u0435\u0434\u0443\u044e\u0449\u0438\u0439 \u0434\u0435\u043d\u044c \u043f\u043e\u0441\u043b\u0435 \u0437\u0430\u043a\u0430\u0437\u0430.<\/p>\n<\/div><\/div><\/div>\n\n\n\n<div class=\"custom-css-block\"><style>#aab_accordion_94d6feb2 {  }<\/style><\/div><div class=\"wp-block-aab-accordion-block aab__accordion_container  accessibilityOn\" style=\"margin-top:0px;margin-bottom:15px;border:1px solid #bcb6b638\" id=\"aab_accordion_94d6feb2\" role=\"button\" aria-expanded=\"false\" tabindex=\"0\"><div class=\"aab__accordion_head aab_right_icon\" style=\"background-color:#f8f8f8;border-top:none;border-right:none;border-bottom:none;border-left:none\"><div class=\"aab__accordion_heading aab_right_icon aab_right_link\"><div class=\"head_content_wrapper\"><div class=\"title_wrapper\"><h5 class=\"aab__accordion_title\" style=\"margin:0;color:#6e94f4\">\u041a\u043e\u043c\u043f\u044c\u044e\u0442\u0435\u0440 \u043d\u0430\u0447\u0430\u043b \u043f\u043b\u043e\u0445\u043e \u0440\u0430\u0431\u043e\u0442\u0430\u0442\u044c \u043e\u0442 \u0431\u0430\u0442\u0430\u0440\u0435\u0438 \u0438\u043b\u0438 \u043d\u0435 \u0440\u0430\u0431\u043e\u0442\u0430\u0442\u044c \u0441\u043e\u0432\u0441\u0435\u043c?<\/h5><\/div><\/div><\/div><div class=\"aab__accordion_icon\" style=\"border:0px solid transparent\"><span class=\"aab__icon dashicons dashicons-arrow-down-alt2\" style=\"font-size:23px\"><\/span><\/div><\/div><div class=\"aab__accordion_body\" role=\"region\" style=\"display:none;border-top:1px solid #bcb6b638;border-right:none;border-bottom:none;border-left:none\"><div class=\"aab__accordion_component\">\n<p>\u041d\u0435 \u043f\u0440\u043e\u0431\u043b\u0435\u043c\u0430!<\/p>\n\n\n\n<p>\u041f\u043e\u0434\u0431\u0435\u0440\u0435\u043c \u0438 \u043f\u043e\u043c\u0435\u043d\u044f\u0435\u043c \u0431\u0430\u0442\u0430\u0440\u0435\u044e \u043f\u0440\u0430\u043a\u0442\u0438\u0447\u0435\u0441\u043a\u0438 \u0434\u043b\u044f \u043b\u044e\u0431\u043e\u0433\u043e \u043d\u043e\u0443\u0442\u0431\u0443\u043a\u0430.<\/p>\n\n\n\n<p><a href=\"https:\/\/pcfix.lt\/ru\/kontaktai-2\/\" title=\"\">Susisiekite su mumis<\/a> ir mes j\u016bs informuosime d\u0117l baterijos pakeitimo kainos ir termin\u0173.<\/p>\n<\/div><\/div><\/div>","protected":false},"excerpt":{"rendered":"","protected":false},"author":1,"featured_media":0,"parent":0,"menu_order":0,"comment_status":"closed","ping_status":"closed","template":"","meta":{"_gspb_post_css":"#gspb_image-id-gsbp-9f9841ab-0a80{text-align:center}#gspb_image-id-gsbp-9f9841ab-0a80 img{vertical-align:top;display:inline-block;box-sizing:border-box;max-width:100%;height:auto;box-shadow:0 5px 20px 0 rgba(0,0,0,.03);transition-duration:.7s;transition-timing-function:linear;opacity:var(--gs-root-animation-opacity, 0);transition-property:opacity,transform;transform:var(--gs-root-animation-transform, scale(0.6))}#gspb_image-id-gsbp-9f9841ab-0a80 img.aos-animate,#gspb_image-id-gsbp-9f9841ab-0a80 img[data-gs-aos]{opacity:1;transform:translateZ(0) scale(1)}","inline_featured_image":false,"_uag_custom_page_level_css":"","footnotes":""},"class_list":["post-1238","page","type-page","status-publish","hentry"],"aioseo_notices":[],"uagb_featured_image_src":{"full":false,"thumbnail":false,"medium":false,"medium_large":false,"large":false,"1536x1536":false,"2048x2048":false,"trp-custom-language-flag":false,"vogue_blog_img_side":false,"vogue_blog_img_top":false},"uagb_author_info":{"display_name":"los","author_link":"https:\/\/pcfix.lt\/ru\/author\/los\/"},"uagb_comment_info":0,"uagb_excerpt":null,"_links":{"self":[{"href":"https:\/\/pcfix.lt\/ru\/wp-json\/wp\/v2\/pages\/1238","targetHints":{"allow":["GET"]}}],"collection":[{"href":"https:\/\/pcfix.lt\/ru\/wp-json\/wp\/v2\/pages"}],"about":[{"href":"https:\/\/pcfix.lt\/ru\/wp-json\/wp\/v2\/types\/page"}],"author":[{"embeddable":true,"href":"https:\/\/pcfix.lt\/ru\/wp-json\/wp\/v2\/users\/1"}],"replies":[{"embeddable":true,"href":"https:\/\/pcfix.lt\/ru\/wp-json\/wp\/v2\/comments?post=1238"}],"version-history":[{"count":49,"href":"https:\/\/pcfix.lt\/ru\/wp-json\/wp\/v2\/pages\/1238\/revisions"}],"predecessor-version":[{"id":1664,"href":"https:\/\/pcfix.lt\/ru\/wp-json\/wp\/v2\/pages\/1238\/revisions\/1664"}],"wp:attachment":[{"href":"https:\/\/pcfix.lt\/ru\/wp-json\/wp\/v2\/media?parent=1238"}],"curies":[{"name":"wp","href":"https:\/\/api.w.org\/{rel}","templated":true}]}}